{"id":18,"date":"2026-04-20T18:38:14","date_gmt":"2026-04-20T16:38:14","guid":{"rendered":"https:\/\/ujdwachacz.you2.pl\/?page_id=18"},"modified":"2026-04-20T18:56:33","modified_gmt":"2026-04-20T16:56:33","slug":"galeria-zdjec","status":"publish","type":"page","link":"https:\/\/ujdwachacz.you2.pl\/index.php\/galeria-zdjec\/","title":{"rendered":"Galeria"},"content":{"rendered":"\n<div class=\"wp-block-group alignfull is-style-ext-preset--group--natural-1--section has-background-background-color has-background has-global-padding is-layout-constrained wp-block-group-is-layout-constrained\" style=\"margin-top:0;margin-bottom:0;padding-top:min(7rem,10vw);padding-bottom:min(7rem,10vw)\">\n<div class=\"wp-block-group alignwide ext-is-logical-start has-global-padding is-content-justification-left is-layout-constrained wp-container-core-group-is-layout-6729bdbe wp-block-group-is-layout-constrained\">\n<h2 class=\"wp-block-heading ext-animate--on\">Zapraszamy do przegl\u0105dania naszej wyj\u0105tkowej galerii zdj\u0119\u0107.<\/h2>\n\n\n\n<p class=\"has-text-align-left ext-animate--on\" style=\"margin-top:1.5rem\">Przedstawiamy starannie skomponowan\u0105 kolekcj\u0119 fotografii, kt\u00f3re oddaj\u0105 r\u00f3\u017cnorodno\u015b\u0107 i wyj\u0105tkowo\u015b\u0107 prezentowanych obraz\u00f3w.<\/p>\n<\/div>\n\n\n\n<div class=\"wp-block-columns alignwide is-layout-flex wp-container-core-columns-is-layout-643ced6b wp-block-columns-is-layout-flex\">\n<div class=\"wp-block-column is-vertically-aligned-top ext-animate--on is-layout-flow wp-container-core-column-is-layout-0ab540ad wp-block-column-is-layout-flow\">\n<figure class=\"wp-block-image is-style-ext-preset--image--natural-1--image-1--content-bottom extendify-image-import\"><img decoding=\"async\" src=\"https:\/\/images.unsplash.com\/photo-1697620734013-b7890bbeb02b?ixid=M3w0MzUxNjF8MHwxfHNlYXJjaHw3fHxwaG90byUyMGdhbGxlcnl8ZW58MHx8fHwxNzc2NDA4MDE3fDA&amp;ixlib=rb-4.1.0&amp;orientation=portrait?fit=crop&amp;crop=entropy%2Cfaces&amp;auto=format%2Ccompress&amp;w=1280\" alt=\"\" style=\"aspect-ratio:1;object-fit:cover\"\/><\/figure>\n\n\n\n<figure class=\"wp-block-image is-style-ext-preset--image--natural-1--image-1--content-right extendify-image-import\"><img decoding=\"async\" src=\"https:\/\/images.unsplash.com\/photo-1729867979930-a34b565e12e9?ixid=M3w0MzUxNjF8MHwxfHNlYXJjaHwyMHx8cGhvdG8lMjBnYWxsZXJ5fGVufDB8fHx8MTc3NjQwODAxN3ww&amp;ixlib=rb-4.1.0&amp;orientation=portrait?fit=crop&amp;crop=entropy%2Cfaces&amp;auto=format%2Ccompress&amp;w=1280\" alt=\"\" style=\"aspect-ratio:4\/3;object-fit:cover\"\/><\/figure>\n<\/div>\n\n\n\n<div class=\"wp-block-column is-vertically-aligned-top ext-animate--on is-layout-flow wp-container-core-column-is-layout-0ab540ad wp-block-column-is-layout-flow\">\n<figure class=\"wp-block-image is-style-ext-preset--image--natural-1--image-1--content-left extendify-image-import\"><img decoding=\"async\" src=\"https:\/\/images.unsplash.com\/photo-1614447412838-3f4ebd5c2dc0?ixid=M3w0MzUxNjF8MHwxfHNlYXJjaHw0fHxwaG90byUyMGdhbGxlcnl8ZW58MHx8fHwxNzc2NDA4MDE3fDA&amp;ixlib=rb-4.1.0&amp;orientation=landscape?fit=crop&amp;crop=entropy%2Cfaces&amp;auto=format%2Ccompress&amp;w=1280\" alt=\"\" style=\"aspect-ratio:4\/3;object-fit:cover\"\/><\/figure>\n\n\n\n<figure class=\"wp-block-image is-style-ext-preset--image--natural-1--image-1--content-left extendify-image-import\"><img decoding=\"async\" src=\"https:\/\/images.unsplash.com\/photo-1500051638674-ff996a0ec29e?ixid=M3w0MzUxNjF8MHwxfHNlYXJjaHwyfHxwaG90byUyMGdhbGxlcnl8ZW58MHx8fHwxNzc2NDA4MDE3fDA&amp;ixlib=rb-4.1.0&amp;orientation=landscape?fit=crop&amp;crop=entropy%2Cfaces&amp;auto=format%2Ccompress&amp;w=1280\" alt=\"\" style=\"aspect-ratio:1;object-fit:cover\"\/><\/figure>\n<\/div>\n<\/div>\n<\/div>\n\n\n\n<div class=\"wp-block-group alignfull is-style-ext-preset--group--natural-1--section has-tertiary-background-color has-background has-global-padding is-layout-constrained wp-container-core-group-is-layout-ee8c01cb wp-block-group-is-layout-constrained\" style=\"margin-top:0;margin-bottom:0;padding-top:min(7rem,10vw);padding-bottom:min(7rem,10vw)\">\n<h2 class=\"wp-block-heading has-text-align-center ext-animate--on\">Zapraszamy do odkrywania naszej kolekcji zdj\u0119\u0107 pe\u0142nej inspiracji i pi\u0119kna.<\/h2>\n\n\n\n<p class=\"has-text-align-center ext-animate--on\" style=\"margin-top:1.5rem\">Prezentujemy starannie wyselekcjonowane fotografie, kt\u00f3re odzwierciedlaj\u0105 r\u00f3\u017cnorodno\u015b\u0107 i estetyk\u0119, umo\u017cliwiaj\u0105c u\u017cytkownikom \u0142atwe przegl\u0105danie i odkrywanie nowych obraz\u00f3w.<\/p>\n\n\n\n<div class=\"wp-block-columns alignwide is-layout-flex wp-container-core-columns-is-layout-28f84493 wp-block-columns-is-layout-flex\">\n<div class=\"wp-block-column ext-animate--on is-layout-flow wp-block-column-is-layout-flow\">\n<figure class=\"wp-block-image is-style-ext-preset-image-natural-1-image-1--content-bottom is-style-ext-preset--image--natural-1--image-1--content-bottom extendify-image-import\"><img decoding=\"async\" src=\"https:\/\/images.unsplash.com\/photo-1684741891614-c244b9df0613?ixid=M3w0MzUxNjF8MHwxfHNlYXJjaHw4fHxwaG90byUyMGdhbGxlcnl8ZW58MHx8fHwxNzc2NDA4MDE3fDA&amp;ixlib=rb-4.1.0&amp;orientation=square?fit=crop&amp;crop=entropy%2Cfaces&amp;auto=format%2Ccompress&amp;w=1280\" alt=\"\" style=\"aspect-ratio:3\/4;object-fit:cover\"\/><\/figure>\n<\/div>\n\n\n\n<div class=\"wp-block-column ext-animate--on is-layout-flow wp-block-column-is-layout-flow\">\n<figure class=\"wp-block-image is-style-ext-preset-image-natural-1-image-1--content-bottom is-style-ext-preset--image--natural-1--image-1--content-bottom extendify-image-import\"><img decoding=\"async\" src=\"https:\/\/images.unsplash.com\/photo-1696729863729-feaf707ac878?ixid=M3w0MzUxNjF8MHwxfHNlYXJjaHw2fHxhcnRpc3RpYyUyMHBob3Rvc3xlbnwwfHx8fDE3NzY3MDI5Nzl8MA&amp;ixlib=rb-4.1.0&amp;orientation=landscape?fit=crop&amp;crop=entropy%2Cfaces&amp;auto=format%2Ccompress&amp;w=1280\" alt=\"\" style=\"aspect-ratio:3\/4;object-fit:cover\"\/><\/figure>\n<\/div>\n\n\n\n<div class=\"wp-block-column ext-animate--on is-layout-flow wp-block-column-is-layout-flow\">\n<figure class=\"wp-block-image is-style-ext-preset-image-natural-1-image-1--content-bottom is-style-ext-preset--image--natural-1--image-1--content-bottom extendify-image-import\"><img decoding=\"async\" src=\"https:\/\/images.unsplash.com\/photo-1576266394503-4999348b5447?ixid=M3w0MzUxNjF8MHwxfHNlYXJjaHwzfHxwaG90byUyMGdhbGxlcnl8ZW58MHx8fHwxNzc2NDA4MDE3fDA&amp;ixlib=rb-4.1.0&amp;orientation=landscape?fit=crop&amp;crop=entropy%2Cfaces&amp;auto=format%2Ccompress&amp;w=1280\" alt=\"\" style=\"aspect-ratio:3\/4;object-fit:cover\"\/><\/figure>\n<\/div>\n<\/div>\n<\/div>\n\n\n\n<div class=\"wp-block-group alignfull is-style-ext-preset--group--natural-1--section has-background-background-color has-background has-global-padding is-layout-constrained wp-container-core-group-is-layout-2f44d435 wp-block-group-is-layout-constrained\" style=\"margin-top:0;margin-bottom:0;padding-top:min(6rem,8vw);padding-bottom:min(6rem,8vw)\">\n<div class=\"wp-block-group alignwide is-style-ext-preset--group--natural-1--item-card-1--align-start ext-animate--on has-global-padding is-layout-constrained wp-block-group-is-layout-constrained\">\n<div class=\"wp-block-group alignwide is-style-default has-global-padding is-layout-constrained wp-container-core-group-is-layout-307758b3 wp-block-group-is-layout-constrained\" style=\"padding-top:min(4rem,7vw);padding-right:min(4rem,7vw);padding-bottom:min(4rem,7vw);padding-left:min(4rem,7vw)\">\n<figure class=\"wp-block-image aligncenter size-large extendify-image-import wp-duotone-varpresetduotoneprimary-foreground-1\"><img decoding=\"async\" src=\"data:image\/svg+xml;base64,PHN2ZyB3aWR0aD0iMTE2IiBoZWlnaHQ9IjE5IiB2aWV3Qm94PSIwIDAgMTE2IDE5IiBmaWxsPSJub25lIiB4bWxucz0iaHR0cDovL3d3dy53My5vcmcvMjAwMC9zdmciPgo8ZyBjbGlwLXBhdGg9InVybCgjY2xpcDBfMzAyXzE5MTQpIj4KPHBhdGggZD0iTTkuMDcwODggMC42MTIzNDNDOS40MTQ2MiAtMC4yMDQxMTUgMTAuNTg1NCAtMC4yMDQxMTQgMTAuOTI5MSAwLjYxMjM0NkwxMi45NTc5IDUuNDMxMjNDMTMuMTAyOSA1Ljc3NTQzIDEzLjQzMDYgNi4wMTA2MSAxMy44MDY3IDYuMDQwNEwxOS4wNzI3IDYuNDU3NDhDMTkuOTY0OSA2LjUyODE0IDIwLjMyNjcgNy42MjgxMyAxOS42NDY5IDguMjAzNEwxNS42MzQ4IDExLjU5ODdDMTUuMzQ4MiAxMS44NDEyIDE1LjIyMyAxMi4yMjE4IDE1LjMxMDYgMTIuNTg0M0wxNi41MzYzIDE3LjY2MUMxNi43NDQgMTguNTIxMSAxNS43OTY5IDE5LjIwMSAxNS4wMzMgMTguNzQwMUwxMC41MjQ1IDE2LjAxOTZDMTAuMjAyNSAxNS44MjUyIDkuNzk3NSAxNS44MjUyIDkuNDc1NDggMTYuMDE5Nkw0Ljk2Njk5IDE4Ljc0MDFDNC4yMDMxMSAxOS4yMDEgMy4yNTU5NiAxOC41MjExIDMuNDYzNjMgMTcuNjYxTDQuNjg5NDIgMTIuNTg0M0M0Ljc3Njk4IDEyLjIyMTggNC42NTE4MiAxMS44NDEyIDQuMzY1MjYgMTEuNTk4N0wwLjM1MzA2MiA4LjIwMzRDLTAuMzI2NzE4IDcuNjI4MTMgMC4wMzUwNjc5IDYuNTI4MTQgMC45MjcyOTEgNi40NTc0OEw2LjE5MzM2IDYuMDQwNEM2LjU2OTUgNi4wMTA2MSA2Ljg5NzE2IDUuNzc1NDMgNy4wNDIwNyA1LjQzMTIzTDkuMDcwODggMC42MTIzNDNaIiBmaWxsPSIjMjIyMjIyIi8+CjxwYXRoIGQ9Ik0zMy4wNzA5IDAuNjEyMzQzQzMzLjQxNDYgLTAuMjA0MTE1IDM0LjU4NTQgLTAuMjA0MTE0IDM0LjkyOTEgMC42MTIzNDZMMzYuOTU3OSA1LjQzMTIzQzM3LjEwMjkgNS43NzU0MyAzNy40MzA2IDYuMDEwNjEgMzcuODA2NyA2LjA0MDRMNDMuMDcyNyA2LjQ1NzQ4QzQzLjk2NDkgNi41MjgxNCA0NC4zMjY3IDcuNjI4MTMgNDMuNjQ2OSA4LjIwMzRMMzkuNjM0OCAxMS41OTg3QzM5LjM0ODIgMTEuODQxMiAzOS4yMjMgMTIuMjIxOCAzOS4zMTA2IDEyLjU4NDNMNDAuNTM2MyAxNy42NjFDNDAuNzQ0IDE4LjUyMTEgMzkuNzk2OSAxOS4yMDEgMzkuMDMzIDE4Ljc0MDFMMzQuNTI0NSAxNi4wMTk2QzM0LjIwMjUgMTUuODI1MiAzMy43OTc1IDE1LjgyNTIgMzMuNDc1NSAxNi4wMTk2TDI4Ljk2NyAxOC43NDAxQzI4LjIwMzEgMTkuMjAxIDI3LjI1NiAxOC41MjExIDI3LjQ2MzYgMTcuNjYxTDI4LjY4OTQgMTIuNTg0M0MyOC43NzcgMTIuMjIxOCAyOC42NTE4IDExLjg0MTIgMjguMzY1MyAxMS41OTg3TDI0LjM1MzEgOC4yMDM0QzIzLjY3MzMgNy42MjgxMyAyNC4wMzUxIDYuNTI4MTQgMjQuOTI3MyA2LjQ1NzQ4TDMwLjE5MzQgNi4wNDA0QzMwLjU2OTUgNi4wMTA2MSAzMC44OTcyIDUuNzc1NDMgMzEuMDQyMSA1LjQzMTIzTDMzLjA3MDkgMC42MTIzNDNaIiBmaWxsPSIjMjIyMjIyIi8+CjxwYXRoIGQ9Ik01Ny4wNzA5IDAuNjEyMzQzQzU3LjQxNDYgLTAuMjA0MTE1IDU4LjU4NTQgLTAuMjA0MTE0IDU4LjkyOTEgMC42MTIzNDZMNjAuOTU3OSA1LjQzMTIzQzYxLjEwMjkgNS43NzU0MyA2MS40MzA2IDYuMDEwNjEgNjEuODA2NyA2LjA0MDRMNjcuMDcyNyA2LjQ1NzQ4QzY3Ljk2NDkgNi41MjgxNCA2OC4zMjY3IDcuNjI4MTMgNjcuNjQ2OSA4LjIwMzRMNjMuNjM0OCAxMS41OTg3QzYzLjM0ODIgMTEuODQxMiA2My4yMjMgMTIuMjIxOCA2My4zMTA2IDEyLjU4NDNMNjQuNTM2MyAxNy42NjFDNjQuNzQ0IDE4LjUyMTEgNjMuNzk2OSAxOS4yMDEgNjMuMDMzIDE4Ljc0MDFMNTguNTI0NSAxNi4wMTk2QzU4LjIwMjUgMTUuODI1MiA1Ny43OTc1IDE1LjgyNTIgNTcuNDc1NSAxNi4wMTk2TDUyLjk2NyAxOC43NDAxQzUyLjIwMzEgMTkuMjAxIDUxLjI1NiAxOC41MjExIDUxLjQ2MzYgMTcuNjYxTDUyLjY4OTQgMTIuNTg0M0M1Mi43NzcgMTIuMjIxOCA1Mi42NTE4IDExLjg0MTIgNTIuMzY1MyAxMS41OTg3TDQ4LjM1MzEgOC4yMDM0QzQ3LjY3MzMgNy42MjgxMyA0OC4wMzUxIDYuNTI4MTQgNDguOTI3MyA2LjQ1NzQ4TDU0LjE5MzQgNi4wNDA0QzU0LjU2OTUgNi4wMTA2MSA1NC44OTcyIDUuNzc1NDMgNTUuMDQyMSA1LjQzMTIzTDU3LjA3MDkgMC42MTIzNDNaIiBmaWxsPSIjMjIyMjIyIi8+CjxwYXRoIGQ9Ik04MS4wNzA2IDAuNjEyMzQzQzgxLjQxNDQgLTAuMjA0MTE1IDgyLjU4NTEgLTAuMjA0MTE0IDgyLjkyODkgMC42MTIzNDZMODQuOTU3NiA1LjQzMTIzQzg1LjEwMjYgNS43NzU0MyA4NS40MzAzIDYuMDEwNjEgODUuODA2NCA2LjA0MDRMOTEuMDcyNCA2LjQ1NzQ4QzkxLjk2NDYgNi41MjgxNCA5Mi4zMjY0IDcuNjI4MTMgOTEuNjQ2NiA4LjIwMzRMODcuNjM0NSAxMS41OTg3Qzg3LjM0OCAxMS44NDEyIDg3LjIyMjggMTIuMjIxOCA4Ny4zMTAzIDEyLjU4NDNMODguNTM2MSAxNy42NjFDODguNzQzOCAxOC41MjExIDg3Ljc5NjYgMTkuMjAxIDg3LjAzMjggMTguNzQwMUw4Mi41MjQzIDE2LjAxOTZDODIuMjAyMyAxNS44MjUyIDgxLjc5NzMgMTUuODI1MiA4MS40NzUyIDE2LjAxOTZMNzYuOTY2NyAxOC43NDAxQzc2LjIwMjkgMTkuMjAxIDc1LjI1NTcgMTguNTIxMSA3NS40NjM0IDE3LjY2MUw3Ni42ODkyIDEyLjU4NDNDNzYuNzc2NyAxMi4yMjE4IDc2LjY1MTYgMTEuODQxMiA3Ni4zNjUgMTEuNTk4N0w3Mi4zNTI4IDguMjAzNEM3MS42NzMgNy42MjgxMyA3Mi4wMzQ4IDYuNTI4MTQgNzIuOTI3IDYuNDU3NDhMNzguMTkzMSA2LjA0MDRDNzguNTY5MyA2LjAxMDYxIDc4Ljg5NjkgNS43NzU0MyA3OS4wNDE4IDUuNDMxMjNMODEuMDcwNiAwLjYxMjM0M1oiIGZpbGw9IiMyMjIyMjIiLz4KPHBhdGggZD0iTTEwNS4wNzEgMC42MTIzNDNDMTA1LjQxNCAtMC4yMDQxMTUgMTA2LjU4NSAtMC4yMDQxMTQgMTA2LjkyOSAwLjYxMjM0NkwxMDguOTU4IDUuNDMxMjNDMTA5LjEwMyA1Ljc3NTQzIDEwOS40MyA2LjAxMDYxIDEwOS44MDYgNi4wNDA0TDExNS4wNzIgNi40NTc0OEMxMTUuOTY1IDYuNTI4MTQgMTE2LjMyNiA3LjYyODEzIDExNS42NDcgOC4yMDM0TDExMS42MzUgMTEuNTk4N0MxMTEuMzQ4IDExLjg0MTIgMTExLjIyMyAxMi4yMjE4IDExMS4zMSAxMi41ODQzTDExMi41MzYgMTcuNjYxQzExMi43NDQgMTguNTIxMSAxMTEuNzk3IDE5LjIwMSAxMTEuMDMzIDE4Ljc0MDFMMTA2LjUyNCAxNi4wMTk2QzEwNi4yMDIgMTUuODI1MiAxMDUuNzk3IDE1LjgyNTIgMTA1LjQ3NSAxNi4wMTk2TDEwMC45NjcgMTguNzQwMUMxMDAuMjAzIDE5LjIwMSA5OS4yNTU3IDE4LjUyMTEgOTkuNDYzNCAxNy42NjFMMTAwLjY4OSAxMi41ODQzQzEwMC43NzcgMTIuMjIxOCAxMDAuNjUyIDExLjg0MTIgMTAwLjM2NSAxMS41OTg3TDk2LjM1MjggOC4yMDM0Qzk1LjY3MyA3LjYyODEzIDk2LjAzNDggNi41MjgxNCA5Ni45MjcgNi40NTc0OEwxMDIuMTkzIDYuMDQwNEMxMDIuNTY5IDYuMDEwNjEgMTAyLjg5NyA1Ljc3NTQzIDEwMy4wNDIgNS40MzEyM0wxMDUuMDcxIDAuNjEyMzQzWiIgZmlsbD0iIzIyMjIyMiIvPgo8L2c+CjxkZWZzPgo8Y2xpcFBhdGggaWQ9ImNsaXAwXzMwMl8xOTE0Ij4KPHJlY3Qgd2lkdGg9IjExNiIgaGVpZ2h0PSIxOC44ODg5IiBmaWxsPSJ3aGl0ZSIvPgo8L2NsaXBQYXRoPgo8L2RlZnM+Cjwvc3ZnPgo=\" alt=\"\"\/><\/figure>\n\n\n\n<p class=\"has-text-align-center\" style=\"margin-top:var(--wp--preset--spacing--60);margin-bottom:24px;font-size:clamp(14px, 0.875rem + ((1vw - 3.2px) * 0.682), 20px);font-style:normal;font-weight:600\">\u201eZdj\u0119cia z tej galerii zachwyci\u0142y mnie swoj\u0105 klarowno\u015bci\u0105 i artystycznym wyrazem.\u201d<\/p>\n\n\n\n<div class=\"wp-block-group is-vertical is-content-justification-center is-nowrap is-layout-flex wp-container-core-group-is-layout-b24f4fca wp-block-group-is-layout-flex\" style=\"padding-top:0;padding-right:0;padding-bottom:0;padding-left:0\">\n<div class=\"wp-block-group has-global-padding is-layout-constrained wp-container-core-group-is-layout-fe9d9fd4 wp-block-group-is-layout-constrained\" style=\"padding-top:0;padding-right:0;padding-bottom:0;padding-left:0\">\n<figure class=\"wp-block-image aligncenter size-large is-style-rounded extendify-image-import\"><img decoding=\"async\" src=\"https:\/\/images.unsplash.com\/photo-1593757147298-e064ed1419e5?fit=crop&amp;crop=entropy%2Cfaces&amp;auto=format%2Ccompress&amp;w=48&amp;h=48\" alt=\"\" style=\"object-fit:cover\"\/><\/figure>\n<\/div>\n\n\n\n<div class=\"wp-block-group has-global-padding is-layout-constrained wp-container-core-group-is-layout-639b5052 wp-block-group-is-layout-constrained\" style=\"padding-top:0;padding-right:0;padding-bottom:0;padding-left:0\">\n<h4 class=\"wp-block-heading has-text-align-center has-small-font-size\" style=\"font-style:normal;font-weight:600\">Anna Kowalska<\/h4>\n\n\n\n<p class=\"has-text-align-center has-small-font-size\" style=\"margin-top:4px;margin-bottom:0\">Fotograf amator<\/p>\n<\/div>\n<\/div>\n<\/div>\n<\/div>\n<\/div>\n","protected":false},"excerpt":{"rendered":"<p>Zapraszamy do przegl\u0105dania naszej wyj\u0105tkowej galerii zdj\u0119\u0107. Przedstawiamy starannie skomponowan\u0105 kolekcj\u0119 fotografii, kt\u00f3re oddaj\u0105 r\u00f3\u017cnorodno\u015b\u0107 i wyj\u0105tkowo\u015b\u0107 prezentowanych obraz\u00f3w. Zapraszamy do odkrywania naszej kolekcji zdj\u0119\u0107 pe\u0142nej inspiracji i pi\u0119kna. Prezentujemy starannie wyselekcjonowane fotografie, kt\u00f3re odzwierciedlaj\u0105 r\u00f3\u017cnorodno\u015b\u0107 i estetyk\u0119, umo\u017cliwiaj\u0105c u\u017cytkownikom \u0142atwe przegl\u0105danie i odkrywanie nowych obraz\u00f3w. \u201eZdj\u0119cia z tej galerii zachwyci\u0142y mnie swoj\u0105 klarowno\u015bci\u0105 i [&hellip;]<\/p>\n","protected":false},"author":1,"featured_media":0,"parent":0,"menu_order":0,"comment_status":"closed","ping_status":"closed","template":"","meta":{"footnotes":""},"class_list":["post-18","page","type-page","status-publish","hentry"],"yoast_head":"<!-- This site is optimized with the Yoast SEO plugin v27.4 - https:\/\/yoast.com\/product\/yoast-seo-wordpress\/ -->\n<title>Galeria - Kolejna witryna oparta na WordPressie<\/title>\n<meta name=\"robots\" content=\"index, follow, max-snippet:-1, max-image-preview:large, max-video-preview:-1\" \/>\n<link rel=\"canonical\" href=\"https:\/\/ujdwachacz.you2.pl\/index.php\/galeria-zdjec\/\" \/>\n<meta property=\"og:locale\" content=\"pl_PL\" \/>\n<meta property=\"og:type\" content=\"article\" \/>\n<meta property=\"og:title\" content=\"Galeria - Kolejna witryna oparta na WordPressie\" \/>\n<meta property=\"og:description\" content=\"Zapraszamy do przegl\u0105dania naszej wyj\u0105tkowej galerii zdj\u0119\u0107. Przedstawiamy starannie skomponowan\u0105 kolekcj\u0119 fotografii, kt\u00f3re oddaj\u0105 r\u00f3\u017cnorodno\u015b\u0107 i wyj\u0105tkowo\u015b\u0107 prezentowanych obraz\u00f3w. Zapraszamy do odkrywania naszej kolekcji zdj\u0119\u0107 pe\u0142nej inspiracji i pi\u0119kna. Prezentujemy starannie wyselekcjonowane fotografie, kt\u00f3re odzwierciedlaj\u0105 r\u00f3\u017cnorodno\u015b\u0107 i estetyk\u0119, umo\u017cliwiaj\u0105c u\u017cytkownikom \u0142atwe przegl\u0105danie i odkrywanie nowych obraz\u00f3w. \u201eZdj\u0119cia z tej galerii zachwyci\u0142y mnie swoj\u0105 klarowno\u015bci\u0105 i [&hellip;]\" \/>\n<meta property=\"og:url\" content=\"https:\/\/ujdwachacz.you2.pl\/index.php\/galeria-zdjec\/\" \/>\n<meta property=\"og:site_name\" content=\"Kolejna witryna oparta na WordPressie\" \/>\n<meta property=\"article:modified_time\" content=\"2026-04-20T16:56:33+00:00\" \/>\n<meta property=\"og:image\" content=\"https:\/\/images.unsplash.com\/photo-1697620734013-b7890bbeb02b?ixid=M3w0MzUxNjF8MHwxfHNlYXJjaHw3fHxwaG90byUyMGdhbGxlcnl8ZW58MHx8fHwxNzc2NDA4MDE3fDA&amp;ixlib=rb-4.1.0&amp;orientation=portrait?fit=crop&amp;crop=entropy%2Cfaces&amp;auto=format%2Ccompress&amp;w=1280\" \/>\n<meta name=\"twitter:card\" content=\"summary_large_image\" \/>\n<script type=\"application\/ld+json\" class=\"yoast-schema-graph\">{\"@context\":\"https:\\\/\\\/schema.org\",\"@graph\":[{\"@type\":\"WebPage\",\"@id\":\"https:\\\/\\\/ujdwachacz.you2.pl\\\/index.php\\\/galeria-zdjec\\\/\",\"url\":\"https:\\\/\\\/ujdwachacz.you2.pl\\\/index.php\\\/galeria-zdjec\\\/\",\"name\":\"Galeria - Kolejna witryna oparta na WordPressie\",\"isPartOf\":{\"@id\":\"https:\\\/\\\/ujdwachacz.you2.pl\\\/#website\"},\"primaryImageOfPage\":{\"@id\":\"https:\\\/\\\/ujdwachacz.you2.pl\\\/index.php\\\/galeria-zdjec\\\/#primaryimage\"},\"image\":{\"@id\":\"https:\\\/\\\/ujdwachacz.you2.pl\\\/index.php\\\/galeria-zdjec\\\/#primaryimage\"},\"thumbnailUrl\":\"https:\\\/\\\/images.unsplash.com\\\/photo-1697620734013-b7890bbeb02b?ixid=M3w0MzUxNjF8MHwxfHNlYXJjaHw3fHxwaG90byUyMGdhbGxlcnl8ZW58MHx8fHwxNzc2NDA4MDE3fDA&amp;ixlib=rb-4.1.0&amp;orientation=portrait?fit=crop&amp;crop=entropy%2Cfaces&amp;auto=format%2Ccompress&amp;w=1280\",\"datePublished\":\"2026-04-20T16:38:14+00:00\",\"dateModified\":\"2026-04-20T16:56:33+00:00\",\"breadcrumb\":{\"@id\":\"https:\\\/\\\/ujdwachacz.you2.pl\\\/index.php\\\/galeria-zdjec\\\/#breadcrumb\"},\"inLanguage\":\"pl-PL\",\"potentialAction\":[{\"@type\":\"ReadAction\",\"target\":[\"https:\\\/\\\/ujdwachacz.you2.pl\\\/index.php\\\/galeria-zdjec\\\/\"]}]},{\"@type\":\"ImageObject\",\"inLanguage\":\"pl-PL\",\"@id\":\"https:\\\/\\\/ujdwachacz.you2.pl\\\/index.php\\\/galeria-zdjec\\\/#primaryimage\",\"url\":\"https:\\\/\\\/images.unsplash.com\\\/photo-1697620734013-b7890bbeb02b?ixid=M3w0MzUxNjF8MHwxfHNlYXJjaHw3fHxwaG90byUyMGdhbGxlcnl8ZW58MHx8fHwxNzc2NDA4MDE3fDA&amp;ixlib=rb-4.1.0&amp;orientation=portrait?fit=crop&amp;crop=entropy%2Cfaces&amp;auto=format%2Ccompress&amp;w=1280\",\"contentUrl\":\"https:\\\/\\\/images.unsplash.com\\\/photo-1697620734013-b7890bbeb02b?ixid=M3w0MzUxNjF8MHwxfHNlYXJjaHw3fHxwaG90byUyMGdhbGxlcnl8ZW58MHx8fHwxNzc2NDA4MDE3fDA&amp;ixlib=rb-4.1.0&amp;orientation=portrait?fit=crop&amp;crop=entropy%2Cfaces&amp;auto=format%2Ccompress&amp;w=1280\"},{\"@type\":\"BreadcrumbList\",\"@id\":\"https:\\\/\\\/ujdwachacz.you2.pl\\\/index.php\\\/galeria-zdjec\\\/#breadcrumb\",\"itemListElement\":[{\"@type\":\"ListItem\",\"position\":1,\"name\":\"Strona g\u0142\u00f3wna\",\"item\":\"https:\\\/\\\/ujdwachacz.you2.pl\\\/\"},{\"@type\":\"ListItem\",\"position\":2,\"name\":\"Galeria\"}]},{\"@type\":\"WebSite\",\"@id\":\"https:\\\/\\\/ujdwachacz.you2.pl\\\/#website\",\"url\":\"https:\\\/\\\/ujdwachacz.you2.pl\\\/\",\"name\":\"Kolejna witryna oparta na WordPressie\",\"description\":\"\",\"potentialAction\":[{\"@type\":\"SearchAction\",\"target\":{\"@type\":\"EntryPoint\",\"urlTemplate\":\"https:\\\/\\\/ujdwachacz.you2.pl\\\/?s={search_term_string}\"},\"query-input\":{\"@type\":\"PropertyValueSpecification\",\"valueRequired\":true,\"valueName\":\"search_term_string\"}}],\"inLanguage\":\"pl-PL\"}]}<\/script>\n<!-- \/ Yoast SEO plugin. -->","yoast_head_json":{"title":"Galeria - Kolejna witryna oparta na WordPressie","robots":{"index":"index","follow":"follow","max-snippet":"max-snippet:-1","max-image-preview":"max-image-preview:large","max-video-preview":"max-video-preview:-1"},"canonical":"https:\/\/ujdwachacz.you2.pl\/index.php\/galeria-zdjec\/","og_locale":"pl_PL","og_type":"article","og_title":"Galeria - Kolejna witryna oparta na WordPressie","og_description":"Zapraszamy do przegl\u0105dania naszej wyj\u0105tkowej galerii zdj\u0119\u0107. Przedstawiamy starannie skomponowan\u0105 kolekcj\u0119 fotografii, kt\u00f3re oddaj\u0105 r\u00f3\u017cnorodno\u015b\u0107 i wyj\u0105tkowo\u015b\u0107 prezentowanych obraz\u00f3w. Zapraszamy do odkrywania naszej kolekcji zdj\u0119\u0107 pe\u0142nej inspiracji i pi\u0119kna. Prezentujemy starannie wyselekcjonowane fotografie, kt\u00f3re odzwierciedlaj\u0105 r\u00f3\u017cnorodno\u015b\u0107 i estetyk\u0119, umo\u017cliwiaj\u0105c u\u017cytkownikom \u0142atwe przegl\u0105danie i odkrywanie nowych obraz\u00f3w. \u201eZdj\u0119cia z tej galerii zachwyci\u0142y mnie swoj\u0105 klarowno\u015bci\u0105 i [&hellip;]","og_url":"https:\/\/ujdwachacz.you2.pl\/index.php\/galeria-zdjec\/","og_site_name":"Kolejna witryna oparta na WordPressie","article_modified_time":"2026-04-20T16:56:33+00:00","og_image":[{"url":"https:\/\/images.unsplash.com\/photo-1697620734013-b7890bbeb02b?ixid=M3w0MzUxNjF8MHwxfHNlYXJjaHw3fHxwaG90byUyMGdhbGxlcnl8ZW58MHx8fHwxNzc2NDA4MDE3fDA&amp;ixlib=rb-4.1.0&amp;orientation=portrait?fit=crop&amp;crop=entropy%2Cfaces&amp;auto=format%2Ccompress&amp;w=1280","type":"","width":"","height":""}],"twitter_card":"summary_large_image","schema":{"@context":"https:\/\/schema.org","@graph":[{"@type":"WebPage","@id":"https:\/\/ujdwachacz.you2.pl\/index.php\/galeria-zdjec\/","url":"https:\/\/ujdwachacz.you2.pl\/index.php\/galeria-zdjec\/","name":"Galeria - Kolejna witryna oparta na WordPressie","isPartOf":{"@id":"https:\/\/ujdwachacz.you2.pl\/#website"},"primaryImageOfPage":{"@id":"https:\/\/ujdwachacz.you2.pl\/index.php\/galeria-zdjec\/#primaryimage"},"image":{"@id":"https:\/\/ujdwachacz.you2.pl\/index.php\/galeria-zdjec\/#primaryimage"},"thumbnailUrl":"https:\/\/images.unsplash.com\/photo-1697620734013-b7890bbeb02b?ixid=M3w0MzUxNjF8MHwxfHNlYXJjaHw3fHxwaG90byUyMGdhbGxlcnl8ZW58MHx8fHwxNzc2NDA4MDE3fDA&amp;ixlib=rb-4.1.0&amp;orientation=portrait?fit=crop&amp;crop=entropy%2Cfaces&amp;auto=format%2Ccompress&amp;w=1280","datePublished":"2026-04-20T16:38:14+00:00","dateModified":"2026-04-20T16:56:33+00:00","breadcrumb":{"@id":"https:\/\/ujdwachacz.you2.pl\/index.php\/galeria-zdjec\/#breadcrumb"},"inLanguage":"pl-PL","potentialAction":[{"@type":"ReadAction","target":["https:\/\/ujdwachacz.you2.pl\/index.php\/galeria-zdjec\/"]}]},{"@type":"ImageObject","inLanguage":"pl-PL","@id":"https:\/\/ujdwachacz.you2.pl\/index.php\/galeria-zdjec\/#primaryimage","url":"https:\/\/images.unsplash.com\/photo-1697620734013-b7890bbeb02b?ixid=M3w0MzUxNjF8MHwxfHNlYXJjaHw3fHxwaG90byUyMGdhbGxlcnl8ZW58MHx8fHwxNzc2NDA4MDE3fDA&amp;ixlib=rb-4.1.0&amp;orientation=portrait?fit=crop&amp;crop=entropy%2Cfaces&amp;auto=format%2Ccompress&amp;w=1280","contentUrl":"https:\/\/images.unsplash.com\/photo-1697620734013-b7890bbeb02b?ixid=M3w0MzUxNjF8MHwxfHNlYXJjaHw3fHxwaG90byUyMGdhbGxlcnl8ZW58MHx8fHwxNzc2NDA4MDE3fDA&amp;ixlib=rb-4.1.0&amp;orientation=portrait?fit=crop&amp;crop=entropy%2Cfaces&amp;auto=format%2Ccompress&amp;w=1280"},{"@type":"BreadcrumbList","@id":"https:\/\/ujdwachacz.you2.pl\/index.php\/galeria-zdjec\/#breadcrumb","itemListElement":[{"@type":"ListItem","position":1,"name":"Strona g\u0142\u00f3wna","item":"https:\/\/ujdwachacz.you2.pl\/"},{"@type":"ListItem","position":2,"name":"Galeria"}]},{"@type":"WebSite","@id":"https:\/\/ujdwachacz.you2.pl\/#website","url":"https:\/\/ujdwachacz.you2.pl\/","name":"Kolejna witryna oparta na WordPressie","description":"","potentialAction":[{"@type":"SearchAction","target":{"@type":"EntryPoint","urlTemplate":"https:\/\/ujdwachacz.you2.pl\/?s={search_term_string}"},"query-input":{"@type":"PropertyValueSpecification","valueRequired":true,"valueName":"search_term_string"}}],"inLanguage":"pl-PL"}]}},"_links":{"self":[{"href":"https:\/\/ujdwachacz.you2.pl\/index.php\/wp-json\/wp\/v2\/pages\/18","targetHints":{"allow":["GET"]}}],"collection":[{"href":"https:\/\/ujdwachacz.you2.pl\/index.php\/wp-json\/wp\/v2\/pages"}],"about":[{"href":"https:\/\/ujdwachacz.you2.pl\/index.php\/wp-json\/wp\/v2\/types\/page"}],"author":[{"embeddable":true,"href":"https:\/\/ujdwachacz.you2.pl\/index.php\/wp-json\/wp\/v2\/users\/1"}],"replies":[{"embeddable":true,"href":"https:\/\/ujdwachacz.you2.pl\/index.php\/wp-json\/wp\/v2\/comments?post=18"}],"version-history":[{"count":2,"href":"https:\/\/ujdwachacz.you2.pl\/index.php\/wp-json\/wp\/v2\/pages\/18\/revisions"}],"predecessor-version":[{"id":39,"href":"https:\/\/ujdwachacz.you2.pl\/index.php\/wp-json\/wp\/v2\/pages\/18\/revisions\/39"}],"wp:attachment":[{"href":"https:\/\/ujdwachacz.you2.pl\/index.php\/wp-json\/wp\/v2\/media?parent=18"}],"curies":[{"name":"wp","href":"https:\/\/api.w.org\/{rel}","templated":true}]}}