{"id":8,"date":"2026-04-20T18:26:00","date_gmt":"2026-04-20T16:26:00","guid":{"rendered":"https:\/\/ujdwachacz.you2.pl\/?page_id=8"},"modified":"2026-04-20T18:57:04","modified_gmt":"2026-04-20T16:57:04","slug":"ujd-projekt-wordpress","status":"publish","type":"page","link":"https:\/\/ujdwachacz.you2.pl\/","title":{"rendered":"Strona G\u0142\u00f3wna"},"content":{"rendered":"\n<div class=\"wp-block-group alignfull ext-hero-section is-style-ext-preset--group--natural-1--section has-background-background-color has-background has-global-padding is-layout-constrained wp-container-core-group-is-layout-ebc3d855 wp-block-group-is-layout-constrained\" style=\"margin-top:0;margin-bottom:0;padding-top:0;padding-bottom:var(--wp--preset--spacing--70)\">\n<div class=\"wp-block-cover alignfull is-light ext-animate--on\" style=\"min-height:25vh;aspect-ratio:unset;\"><img loading=\"lazy\" decoding=\"async\" width=\"1024\" height=\"648\" class=\"wp-block-cover__image-background wp-image-13 size-full\" alt=\"\" src=\"https:\/\/ujdwachacz.you2.pl\/wp-content\/uploads\/2026\/04\/image-3.jpeg\" data-object-fit=\"cover\" srcset=\"https:\/\/ujdwachacz.you2.pl\/wp-content\/uploads\/2026\/04\/image-3.jpeg 1024w, https:\/\/ujdwachacz.you2.pl\/wp-content\/uploads\/2026\/04\/image-3-300x190.jpeg 300w, https:\/\/ujdwachacz.you2.pl\/wp-content\/uploads\/2026\/04\/image-3-768x486.jpeg 768w\" sizes=\"auto, (max-width: 1024px) 100vw, 1024px\" \/><span aria-hidden=\"true\" class=\"wp-block-cover__background has-background-dim-0 has-background-dim\" style=\"background-color:#e6d18f\"><\/span><div class=\"wp-block-cover__inner-container is-layout-flow wp-block-cover-is-layout-flow\">\n<div style=\"height:260px\" aria-hidden=\"true\" class=\"wp-block-spacer\"><\/div>\n<\/div><\/div>\n\n\n\n<div class=\"wp-block-columns alignwide is-layout-flex wp-container-core-columns-is-layout-28f84493 wp-block-columns-is-layout-flex\">\n<div class=\"wp-block-column ext-animate--on is-layout-flow wp-block-column-is-layout-flow\">\n<h1 class=\"wp-block-heading alignwide ext-animate--off\">To jest strona g\u0142\u00f3wna<\/h1>\n\n\n\n<p>A obok lorem ipsum ->><br><br>zapraszam na moje inne strony, chetnie uslysze co mozna poprawic i zrobic lepiej \ud83d\ude42 <br><\/p>\n\n\n\n<p><a href=\"https:\/\/scam.nolead.pl\/\">scam.https:\/\/nolead.pl\/ <\/a>&#8211; (spokojnie to normalny link stowrzony do testow \ud83d\ude42 )<\/p>\n\n\n\n<p><a href=\"https:\/\/salon-medicus.pl\/\">https:\/\/salon-medicus.pl\/<\/a><br><a href=\"https:\/\/nolead.pl\/\">https:\/\/nolead.pl\/<\/a><br><a href=\"https:\/\/drprusek.pl\/\">https:\/\/drprusek.pl\/<\/a> &#8211; dawno robiona w wordpressie<\/p>\n<\/div>\n\n\n\n<div class=\"wp-block-column ext-animate--on is-layout-flow wp-block-column-is-layout-flow\">\n<p class=\"ext-animate--off\">Lorem ipsum dolor sit amet, consectetur adipiscing elit. Nam porttitor dignissim est, a sollicitudin sapien lacinia a. Praesent dignissim ac dui vel sollicitudin. Integer ut ipsum id magna scelerisque lacinia. Curabitur ut turpis non mauris rutrum mattis. Suspendisse porta ultrices est, et pellentesque dolor mattis in. Cras in nisl et est vehicula viverra. Nulla facilisi. Sed gravida diam a facilisis sollicitudin.<\/p>\n\n\n\n<div class=\"wp-block-buttons is-layout-flex wp-block-buttons-is-layout-flex\">\n<div class=\"wp-block-button is-style-ext-preset--button--natural-1--button-1\"><a class=\"wp-block-button__link wp-element-button\" href=\"#extendify-hero-cta\">Czytaj dalej<\/a><\/div>\n<\/div>\n<\/div>\n<\/div>\n<\/div>\n","protected":false},"excerpt":{"rendered":"<p>To jest strona g\u0142\u00f3wna A obok lorem ipsum ->> zapraszam na moje inne strony, chetnie uslysze co mozna poprawic i zrobic lepiej \ud83d\ude42 scam.https:\/\/nolead.pl\/ &#8211; (spokojnie to normalny link stowrzony do testow \ud83d\ude42 ) https:\/\/salon-medicus.pl\/https:\/\/nolead.pl\/https:\/\/drprusek.pl\/ &#8211; dawno robiona w wordpressie Lorem ipsum dolor sit amet, consectetur adipiscing elit. Nam porttitor dignissim est, a sollicitudin sapien [&hellip;]<\/p>\n","protected":false},"author":1,"featured_media":0,"parent":0,"menu_order":0,"comment_status":"closed","ping_status":"closed","template":"","meta":{"footnotes":""},"class_list":["post-8","page","type-page","status-publish","hentry"],"yoast_head":"<!-- This site is optimized with the Yoast SEO plugin v27.4 - https:\/\/yoast.com\/product\/yoast-seo-wordpress\/ -->\n<title>Strona G\u0142\u00f3wna - Kolejna witryna oparta na WordPressie<\/title>\n<meta name=\"robots\" content=\"index, follow, max-snippet:-1, max-image-preview:large, max-video-preview:-1\" \/>\n<link rel=\"canonical\" href=\"https:\/\/ujdwachacz.you2.pl\/\" \/>\n<meta property=\"og:locale\" content=\"pl_PL\" \/>\n<meta property=\"og:type\" content=\"article\" \/>\n<meta property=\"og:title\" content=\"Strona G\u0142\u00f3wna - Kolejna witryna oparta na WordPressie\" \/>\n<meta property=\"og:description\" content=\"To jest strona g\u0142\u00f3wna A obok lorem ipsum -&gt;&gt; zapraszam na moje inne strony, chetnie uslysze co mozna poprawic i zrobic lepiej \ud83d\ude42 scam.https:\/\/nolead.pl\/ &#8211; (spokojnie to normalny link stowrzony do testow \ud83d\ude42 ) https:\/\/salon-medicus.pl\/https:\/\/nolead.pl\/https:\/\/drprusek.pl\/ &#8211; dawno robiona w wordpressie Lorem ipsum dolor sit amet, consectetur adipiscing elit. Nam porttitor dignissim est, a sollicitudin sapien [&hellip;]\" \/>\n<meta property=\"og:url\" content=\"https:\/\/ujdwachacz.you2.pl\/\" \/>\n<meta property=\"og:site_name\" content=\"Kolejna witryna oparta na WordPressie\" \/>\n<meta property=\"article:modified_time\" content=\"2026-04-20T16:57:04+00:00\" \/>\n<meta property=\"og:image\" content=\"https:\/\/ujdwachacz.you2.pl\/wp-content\/uploads\/2026\/04\/image-3.jpeg\" \/>\n\t<meta property=\"og:image:width\" content=\"1024\" \/>\n\t<meta property=\"og:image:height\" content=\"648\" \/>\n\t<meta property=\"og:image:type\" content=\"image\/jpeg\" \/>\n<meta name=\"twitter:card\" content=\"summary_large_image\" \/>\n<meta name=\"twitter:label1\" content=\"Szacowany czas czytania\" \/>\n\t<meta name=\"twitter:data1\" content=\"1 minuta\" \/>\n<script type=\"application\/ld+json\" class=\"yoast-schema-graph\">{\"@context\":\"https:\\\/\\\/schema.org\",\"@graph\":[{\"@type\":\"WebPage\",\"@id\":\"https:\\\/\\\/ujdwachacz.you2.pl\\\/\",\"url\":\"https:\\\/\\\/ujdwachacz.you2.pl\\\/\",\"name\":\"Strona G\u0142\u00f3wna - Kolejna witryna oparta na WordPressie\",\"isPartOf\":{\"@id\":\"https:\\\/\\\/ujdwachacz.you2.pl\\\/#website\"},\"primaryImageOfPage\":{\"@id\":\"https:\\\/\\\/ujdwachacz.you2.pl\\\/#primaryimage\"},\"image\":{\"@id\":\"https:\\\/\\\/ujdwachacz.you2.pl\\\/#primaryimage\"},\"thumbnailUrl\":\"https:\\\/\\\/ujdwachacz.you2.pl\\\/wp-content\\\/uploads\\\/2026\\\/04\\\/image-3.jpeg\",\"datePublished\":\"2026-04-20T16:26:00+00:00\",\"dateModified\":\"2026-04-20T16:57:04+00:00\",\"breadcrumb\":{\"@id\":\"https:\\\/\\\/ujdwachacz.you2.pl\\\/#breadcrumb\"},\"inLanguage\":\"pl-PL\",\"potentialAction\":[{\"@type\":\"ReadAction\",\"target\":[\"https:\\\/\\\/ujdwachacz.you2.pl\\\/\"]}]},{\"@type\":\"ImageObject\",\"inLanguage\":\"pl-PL\",\"@id\":\"https:\\\/\\\/ujdwachacz.you2.pl\\\/#primaryimage\",\"url\":\"https:\\\/\\\/ujdwachacz.you2.pl\\\/wp-content\\\/uploads\\\/2026\\\/04\\\/image-3.jpeg\",\"contentUrl\":\"https:\\\/\\\/ujdwachacz.you2.pl\\\/wp-content\\\/uploads\\\/2026\\\/04\\\/image-3.jpeg\",\"width\":1024,\"height\":648,\"caption\":\"\u201en304_w1150\u201d przez BioDivLibrary\\\/ pdm 1.0\"},{\"@type\":\"BreadcrumbList\",\"@id\":\"https:\\\/\\\/ujdwachacz.you2.pl\\\/#breadcrumb\",\"itemListElement\":[{\"@type\":\"ListItem\",\"position\":1,\"name\":\"Strona g\u0142\u00f3wna\",\"item\":\"https:\\\/\\\/ujdwachacz.you2.pl\\\/\"},{\"@type\":\"ListItem\",\"position\":2,\"name\":\"Strona G\u0142\u00f3wna\"}]},{\"@type\":\"WebSite\",\"@id\":\"https:\\\/\\\/ujdwachacz.you2.pl\\\/#website\",\"url\":\"https:\\\/\\\/ujdwachacz.you2.pl\\\/\",\"name\":\"Kolejna witryna oparta na WordPressie\",\"description\":\"\",\"potentialAction\":[{\"@type\":\"SearchAction\",\"target\":{\"@type\":\"EntryPoint\",\"urlTemplate\":\"https:\\\/\\\/ujdwachacz.you2.pl\\\/?s={search_term_string}\"},\"query-input\":{\"@type\":\"PropertyValueSpecification\",\"valueRequired\":true,\"valueName\":\"search_term_string\"}}],\"inLanguage\":\"pl-PL\"}]}<\/script>\n<!-- \/ Yoast SEO plugin. -->","yoast_head_json":{"title":"Strona G\u0142\u00f3wna - Kolejna witryna oparta na WordPressie","robots":{"index":"index","follow":"follow","max-snippet":"max-snippet:-1","max-image-preview":"max-image-preview:large","max-video-preview":"max-video-preview:-1"},"canonical":"https:\/\/ujdwachacz.you2.pl\/","og_locale":"pl_PL","og_type":"article","og_title":"Strona G\u0142\u00f3wna - Kolejna witryna oparta na WordPressie","og_description":"To jest strona g\u0142\u00f3wna A obok lorem ipsum ->> zapraszam na moje inne strony, chetnie uslysze co mozna poprawic i zrobic lepiej \ud83d\ude42 scam.https:\/\/nolead.pl\/ &#8211; (spokojnie to normalny link stowrzony do testow \ud83d\ude42 ) https:\/\/salon-medicus.pl\/https:\/\/nolead.pl\/https:\/\/drprusek.pl\/ &#8211; dawno robiona w wordpressie Lorem ipsum dolor sit amet, consectetur adipiscing elit. Nam porttitor dignissim est, a sollicitudin sapien [&hellip;]","og_url":"https:\/\/ujdwachacz.you2.pl\/","og_site_name":"Kolejna witryna oparta na WordPressie","article_modified_time":"2026-04-20T16:57:04+00:00","og_image":[{"width":1024,"height":648,"url":"https:\/\/ujdwachacz.you2.pl\/wp-content\/uploads\/2026\/04\/image-3.jpeg","type":"image\/jpeg"}],"twitter_card":"summary_large_image","twitter_misc":{"Szacowany czas czytania":"1 minuta"},"schema":{"@context":"https:\/\/schema.org","@graph":[{"@type":"WebPage","@id":"https:\/\/ujdwachacz.you2.pl\/","url":"https:\/\/ujdwachacz.you2.pl\/","name":"Strona G\u0142\u00f3wna - Kolejna witryna oparta na WordPressie","isPartOf":{"@id":"https:\/\/ujdwachacz.you2.pl\/#website"},"primaryImageOfPage":{"@id":"https:\/\/ujdwachacz.you2.pl\/#primaryimage"},"image":{"@id":"https:\/\/ujdwachacz.you2.pl\/#primaryimage"},"thumbnailUrl":"https:\/\/ujdwachacz.you2.pl\/wp-content\/uploads\/2026\/04\/image-3.jpeg","datePublished":"2026-04-20T16:26:00+00:00","dateModified":"2026-04-20T16:57:04+00:00","breadcrumb":{"@id":"https:\/\/ujdwachacz.you2.pl\/#breadcrumb"},"inLanguage":"pl-PL","potentialAction":[{"@type":"ReadAction","target":["https:\/\/ujdwachacz.you2.pl\/"]}]},{"@type":"ImageObject","inLanguage":"pl-PL","@id":"https:\/\/ujdwachacz.you2.pl\/#primaryimage","url":"https:\/\/ujdwachacz.you2.pl\/wp-content\/uploads\/2026\/04\/image-3.jpeg","contentUrl":"https:\/\/ujdwachacz.you2.pl\/wp-content\/uploads\/2026\/04\/image-3.jpeg","width":1024,"height":648,"caption":"\u201en304_w1150\u201d przez BioDivLibrary\/ pdm 1.0"},{"@type":"BreadcrumbList","@id":"https:\/\/ujdwachacz.you2.pl\/#breadcrumb","itemListElement":[{"@type":"ListItem","position":1,"name":"Strona g\u0142\u00f3wna","item":"https:\/\/ujdwachacz.you2.pl\/"},{"@type":"ListItem","position":2,"name":"Strona G\u0142\u00f3wna"}]},{"@type":"WebSite","@id":"https:\/\/ujdwachacz.you2.pl\/#website","url":"https:\/\/ujdwachacz.you2.pl\/","name":"Kolejna witryna oparta na WordPressie","description":"","potentialAction":[{"@type":"SearchAction","target":{"@type":"EntryPoint","urlTemplate":"https:\/\/ujdwachacz.you2.pl\/?s={search_term_string}"},"query-input":{"@type":"PropertyValueSpecification","valueRequired":true,"valueName":"search_term_string"}}],"inLanguage":"pl-PL"}]}},"_links":{"self":[{"href":"https:\/\/ujdwachacz.you2.pl\/index.php\/wp-json\/wp\/v2\/pages\/8","targetHints":{"allow":["GET"]}}],"collection":[{"href":"https:\/\/ujdwachacz.you2.pl\/index.php\/wp-json\/wp\/v2\/pages"}],"about":[{"href":"https:\/\/ujdwachacz.you2.pl\/index.php\/wp-json\/wp\/v2\/types\/page"}],"author":[{"embeddable":true,"href":"https:\/\/ujdwachacz.you2.pl\/index.php\/wp-json\/wp\/v2\/users\/1"}],"replies":[{"embeddable":true,"href":"https:\/\/ujdwachacz.you2.pl\/index.php\/wp-json\/wp\/v2\/comments?post=8"}],"version-history":[{"count":4,"href":"https:\/\/ujdwachacz.you2.pl\/index.php\/wp-json\/wp\/v2\/pages\/8\/revisions"}],"predecessor-version":[{"id":41,"href":"https:\/\/ujdwachacz.you2.pl\/index.php\/wp-json\/wp\/v2\/pages\/8\/revisions\/41"}],"wp:attachment":[{"href":"https:\/\/ujdwachacz.you2.pl\/index.php\/wp-json\/wp\/v2\/media?parent=8"}],"curies":[{"name":"wp","href":"https:\/\/api.w.org\/{rel}","templated":true}]}}